{"id":161,"date":"2015-02-13T11:32:36","date_gmt":"2015-02-13T11:32:36","guid":{"rendered":"http:\/\/plmacademy.estg.ipleiria.pt\/?page_id=161"},"modified":"2022-03-28T09:04:07","modified_gmt":"2022-03-28T09:04:07","slug":"20132014-2","status":"publish","type":"page","link":"https:\/\/plmacademy.estg.ipleiria.pt\/?page_id=161","title":{"rendered":"2013\/2014"},"content":{"rendered":"<hr>\n<p><strong>Fresadora CNC<br \/>\n<\/strong><\/p>\n<p><span style=\"text-decoration: underline\">Autor:<\/span> Tiago Pinto<\/p>\n<p><span style=\"text-decoration: underline\">UC:<\/span> Modela\u00e7\u00e3o Assistida por Computador<\/p>\n<p><span style=\"text-decoration: underline\">Curso:<\/span> Engenharia Mec\u00e2nica<\/p>\n<p><span style=\"text-decoration: underline\">Docente:<\/span> Nuno Andr\u00e9<\/p>\n<p><a href=\"http:\/\/plmacademy.estg.ipleiria.pt\/files\/2015\/06\/FresadoraCNC_01.jpg\"><img loading=\"lazy\" decoding=\"async\" class=\"aligncenter size-large wp-image-200\" src=\"http:\/\/plmacademy.estg.ipleiria.pt\/files\/2015\/06\/FresadoraCNC_01-1024x576.jpg\" alt=\"FresadoraCNC_01\" width=\"608\" height=\"342\" srcset=\"https:\/\/plmacademy.estg.ipleiria.pt\/files\/2015\/06\/FresadoraCNC_01-1024x576.jpg 1024w, https:\/\/plmacademy.estg.ipleiria.pt\/files\/2015\/06\/FresadoraCNC_01-300x169.jpg 300w, https:\/\/plmacademy.estg.ipleiria.pt\/files\/2015\/06\/FresadoraCNC_01.jpg 1366w\" sizes=\"auto, (max-width: 608px) 100vw, 608px\" \/><\/a><\/p>\n<hr>\n<p><strong>Lego Ferrari F1<br \/>\n<\/strong><\/p>\n<p><span style=\"text-decoration: underline\">Autores:<\/span> Daniel G\u00f3is e Ricardo Pereira<\/p>\n<p><span style=\"text-decoration: underline\">UC:<\/span> Desenho e Fabrico Assistido por Computador<\/p>\n<p><span style=\"text-decoration: underline\">Curso:<\/span> CET &#8211; Fabrica\u00e7\u00e3o Autom\u00e1tica<\/p>\n<p><span style=\"text-decoration: underline\">Docente:<\/span> Nuno Andr\u00e9<\/p>\n<p><a href=\"http:\/\/plmacademy.estg.ipleiria.pt\/files\/2015\/06\/FerrariF1_01.jpg\"><img loading=\"lazy\" decoding=\"async\" class=\"aligncenter size-large wp-image-198\" src=\"http:\/\/plmacademy.estg.ipleiria.pt\/files\/2015\/06\/FerrariF1_01-1024x576.jpg\" alt=\"FerrariF1_01\" width=\"608\" height=\"342\" srcset=\"https:\/\/plmacademy.estg.ipleiria.pt\/files\/2015\/06\/FerrariF1_01-1024x576.jpg 1024w, https:\/\/plmacademy.estg.ipleiria.pt\/files\/2015\/06\/FerrariF1_01-300x169.jpg 300w, https:\/\/plmacademy.estg.ipleiria.pt\/files\/2015\/06\/FerrariF1_01.jpg 1366w\" sizes=\"auto, (max-width: 608px) 100vw, 608px\" \/><\/a><\/p>\n<hr>\n<p><strong>Avi\u00e3o<\/strong><\/p>\n<p><span style=\"text-decoration: underline\">Autor:<\/span> Ivan Soares<\/p>\n<p><span style=\"text-decoration: underline\">UC:<\/span> Modela\u00e7\u00e3o Assistida por Computador<\/p>\n<p><span style=\"text-decoration: underline\">Curso:<\/span> Engenharia Mec\u00e2nica<\/p>\n<p><span style=\"text-decoration: underline\">Docente:<\/span> Nuno Andr\u00e9<\/p>\n<p><a href=\"http:\/\/www.plmacademy.estg.ipleiria.pt\/files\/2015\/02\/Aviao01.jpg\"><img loading=\"lazy\" decoding=\"async\" class=\"alignleft wp-image-170 size-large\" src=\"http:\/\/www.plmacademy.estg.ipleiria.pt\/files\/2015\/02\/Aviao01-1024x576.jpg\" alt=\"2013-2014\" width=\"608\" height=\"342\" srcset=\"https:\/\/plmacademy.estg.ipleiria.pt\/files\/2015\/02\/Aviao01-1024x576.jpg 1024w, https:\/\/plmacademy.estg.ipleiria.pt\/files\/2015\/02\/Aviao01-300x169.jpg 300w, https:\/\/plmacademy.estg.ipleiria.pt\/files\/2015\/02\/Aviao01.jpg 1366w\" sizes=\"auto, (max-width: 608px) 100vw, 608px\" \/><\/a><\/p>\n<hr>\n<p><strong>Macaco Hidr\u00e1ulico<br \/>\n<\/strong><\/p>\n<p><span style=\"text-decoration: underline\">Autor:<\/span> Andr\u00e9 Garcia<\/p>\n<p><span style=\"text-decoration: underline\">UC:<\/span> Desenho e Fabrico Assistido por Computador<\/p>\n<p><span style=\"text-decoration: underline\">Curso:<\/span> CET &#8211; Fabrica\u00e7\u00e3o Autom\u00e1tica<\/p>\n<p><span style=\"text-decoration: underline\">Docente:<\/span> Nuno Andr\u00e9<\/p>\n<p><a href=\"http:\/\/plmacademy.estg.ipleiria.pt\/files\/2015\/06\/Macaco01.jpg\"><img loading=\"lazy\" decoding=\"async\" class=\"aligncenter size-large wp-image-203\" src=\"http:\/\/plmacademy.estg.ipleiria.pt\/files\/2015\/06\/Macaco01-1024x576.jpg\" alt=\"Macaco01\" width=\"608\" height=\"342\" srcset=\"https:\/\/plmacademy.estg.ipleiria.pt\/files\/2015\/06\/Macaco01-1024x576.jpg 1024w, https:\/\/plmacademy.estg.ipleiria.pt\/files\/2015\/06\/Macaco01-300x169.jpg 300w, https:\/\/plmacademy.estg.ipleiria.pt\/files\/2015\/06\/Macaco01.jpg 1366w\" sizes=\"auto, (max-width: 608px) 100vw, 608px\" \/><\/a><\/p>\n<hr>\n<p><strong>Helic\u00f3ptero<\/strong><\/p>\n<p><span style=\"text-decoration: underline\">Autores:<\/span> Fernando Brites e Pedro Pereira<\/p>\n<p><span style=\"text-decoration: underline\">UC:<\/span> Modela\u00e7\u00e3o Assistida por Computador<\/p>\n<p><span style=\"text-decoration: underline\">Curso:<\/span> Engenharia Mec\u00e2nica<\/p>\n<p><span style=\"text-decoration: underline\">Docente:<\/span> Nuno Andr\u00e9<\/p>\n<p><a href=\"http:\/\/plmacademy.estg.ipleiria.pt\/files\/2015\/06\/Helicoptero01.jpg\"><img loading=\"lazy\" decoding=\"async\" class=\"aligncenter size-large wp-image-201\" src=\"http:\/\/plmacademy.estg.ipleiria.pt\/files\/2015\/06\/Helicoptero01-1024x576.jpg\" alt=\"Helicoptero01\" width=\"608\" height=\"342\" srcset=\"https:\/\/plmacademy.estg.ipleiria.pt\/files\/2015\/06\/Helicoptero01-1024x576.jpg 1024w, https:\/\/plmacademy.estg.ipleiria.pt\/files\/2015\/06\/Helicoptero01-300x169.jpg 300w, https:\/\/plmacademy.estg.ipleiria.pt\/files\/2015\/06\/Helicoptero01.jpg 1366w\" sizes=\"auto, (max-width: 608px) 100vw, 608px\" \/><\/a><\/p>\n<hr>\n<p><strong>Suporte para bicicleta<br \/>\n<\/strong><\/p>\n<p><span style=\"text-decoration: underline\">Autor:<\/span> Jo\u00e3o Costa<\/p>\n<p><span style=\"text-decoration: underline\">UC:<\/span> Modela\u00e7\u00e3o Assistida por Computador<\/p>\n<p><span style=\"text-decoration: underline\">Curso:<\/span> Engenharia Mec\u00e2nica<\/p>\n<p><span style=\"text-decoration: underline\">Docente:<\/span> Nuno Andr\u00e9<\/p>\n<p><a href=\"http:\/\/plmacademy.estg.ipleiria.pt\/files\/2015\/06\/SuporteBicicleta.jpg\"><img loading=\"lazy\" decoding=\"async\" class=\"aligncenter size-large wp-image-207\" src=\"http:\/\/plmacademy.estg.ipleiria.pt\/files\/2015\/06\/SuporteBicicleta-1024x576.jpg\" alt=\"SuporteBicicleta\" width=\"608\" height=\"342\" srcset=\"https:\/\/plmacademy.estg.ipleiria.pt\/files\/2015\/06\/SuporteBicicleta-1024x576.jpg 1024w, https:\/\/plmacademy.estg.ipleiria.pt\/files\/2015\/06\/SuporteBicicleta-300x169.jpg 300w, https:\/\/plmacademy.estg.ipleiria.pt\/files\/2015\/06\/SuporteBicicleta.jpg 1366w\" sizes=\"auto, (max-width: 608px) 100vw, 608px\" \/><\/a><\/p>\n<hr>\n<p><strong>P\u00f3rtico<br \/>\n<\/strong><\/p>\n<p><span style=\"text-decoration: underline\">Autor:<\/span> Fl\u00e1vio Gon\u00e7alves<\/p>\n<p><span style=\"text-decoration: underline\">UC:<\/span> Desenho e Fabrico Assistido por Computador<\/p>\n<p><span style=\"text-decoration: underline\">Curso:<\/span> CET &#8211; Fabrica\u00e7\u00e3o Autom\u00e1tica<\/p>\n<p><span style=\"text-decoration: underline\">Docente:<\/span> Nuno Andr\u00e9<\/p>\n<p><a href=\"http:\/\/plmacademy.estg.ipleiria.pt\/files\/2015\/06\/Portico01.jpg\"><img loading=\"lazy\" decoding=\"async\" class=\"aligncenter size-large wp-image-205\" src=\"http:\/\/plmacademy.estg.ipleiria.pt\/files\/2015\/06\/Portico01-1024x576.jpg\" alt=\"Portico01\" width=\"608\" height=\"342\" srcset=\"https:\/\/plmacademy.estg.ipleiria.pt\/files\/2015\/06\/Portico01-1024x576.jpg 1024w, https:\/\/plmacademy.estg.ipleiria.pt\/files\/2015\/06\/Portico01-300x169.jpg 300w, https:\/\/plmacademy.estg.ipleiria.pt\/files\/2015\/06\/Portico01.jpg 1366w\" sizes=\"auto, (max-width: 608px) 100vw, 608px\" \/><\/a><\/p>\n<hr>\n<p><strong>Bicicleta<\/strong><\/p>\n<p><span style=\"text-decoration: underline\">Autor:<\/span> Samuel Ribeiro<\/p>\n<p><span style=\"text-decoration: underline\">UC:<\/span> Modela\u00e7\u00e3o Assistida por Computador<\/p>\n<p><span style=\"text-decoration: underline\">Curso:<\/span> Engenharia Mec\u00e2nica<\/p>\n<p><span style=\"text-decoration: underline\">Docente:<\/span> Nuno Andr\u00e9<\/p>\n<p><a href=\"http:\/\/www.plmacademy.estg.ipleiria.pt\/files\/2015\/02\/Bicicleta01.jpg\"><img loading=\"lazy\" decoding=\"async\" class=\"aligncenter size-large wp-image-179\" src=\"http:\/\/www.plmacademy.estg.ipleiria.pt\/files\/2015\/02\/Bicicleta01-1024x576.jpg\" alt=\"Bicicleta01\" width=\"608\" height=\"342\" srcset=\"https:\/\/plmacademy.estg.ipleiria.pt\/files\/2015\/02\/Bicicleta01-1024x576.jpg 1024w, https:\/\/plmacademy.estg.ipleiria.pt\/files\/2015\/02\/Bicicleta01-300x169.jpg 300w, https:\/\/plmacademy.estg.ipleiria.pt\/files\/2015\/02\/Bicicleta01.jpg 1366w\" sizes=\"auto, (max-width: 608px) 100vw, 608px\" \/><\/a><\/p>\n<hr>\n<p><strong>Lego&nbsp; F1<br \/>\n<\/strong><\/p>\n<p><span style=\"text-decoration: underline\">Autores:<\/span> Eduardo Pereira e S\u00e9rgio Carvalho<\/p>\n<p><span style=\"text-decoration: underline\">UC:<\/span> Desenho e Fabrico Assistido por Computador<\/p>\n<p><span style=\"text-decoration: underline\">Curso:<\/span> CET &#8211; Fabrica\u00e7\u00e3o Autom\u00e1tica<\/p>\n<p><span style=\"text-decoration: underline\">Docente:<\/span> Nuno Andr\u00e9<\/p>\n<p><a href=\"http:\/\/plmacademy.estg.ipleiria.pt\/files\/2015\/06\/Formula1.jpg\"><img loading=\"lazy\" decoding=\"async\" class=\"aligncenter size-large wp-image-199\" src=\"http:\/\/plmacademy.estg.ipleiria.pt\/files\/2015\/06\/Formula1-1024x576.jpg\" alt=\"Formula1\" width=\"608\" height=\"342\" srcset=\"https:\/\/plmacademy.estg.ipleiria.pt\/files\/2015\/06\/Formula1-1024x576.jpg 1024w, https:\/\/plmacademy.estg.ipleiria.pt\/files\/2015\/06\/Formula1-300x169.jpg 300w, https:\/\/plmacademy.estg.ipleiria.pt\/files\/2015\/06\/Formula1.jpg 1366w\" sizes=\"auto, (max-width: 608px) 100vw, 608px\" \/><\/a><\/p>\n<hr>\n<p><strong>Bomba<\/strong><\/p>\n<p><span style=\"text-decoration: underline\">Autor:<\/span> Nelson Teixeira<\/p>\n<p><span style=\"text-decoration: underline\">UC:<\/span> Modela\u00e7\u00e3o Assistida por Computador<\/p>\n<p><span style=\"text-decoration: underline\">Curso:<\/span> Engenharia Mec\u00e2nica<\/p>\n<p><span style=\"text-decoration: underline\">Docente:<\/span> Nuno Andr\u00e9<\/p>\n<p><a href=\"http:\/\/www.plmacademy.estg.ipleiria.pt\/files\/2015\/02\/Bomba02.jpg\"><img loading=\"lazy\" decoding=\"async\" class=\" size-large wp-image-183 alignleft\" src=\"http:\/\/www.plmacademy.estg.ipleiria.pt\/files\/2015\/02\/Bomba02-1024x576.jpg\" alt=\"Bomba02\" width=\"608\" height=\"342\" srcset=\"https:\/\/plmacademy.estg.ipleiria.pt\/files\/2015\/02\/Bomba02-1024x576.jpg 1024w, https:\/\/plmacademy.estg.ipleiria.pt\/files\/2015\/02\/Bomba02-300x169.jpg 300w, https:\/\/plmacademy.estg.ipleiria.pt\/files\/2015\/02\/Bomba02.jpg 1366w\" sizes=\"auto, (max-width: 608px) 100vw, 608px\" \/><\/a><\/p>\n<hr>\n<p><strong>Rachador de lenha<br \/>\n<\/strong><\/p>\n<p><span style=\"text-decoration: underline\">Autores:<\/span> Jo\u00e3o Ferreira e Marco Coelho<\/p>\n<p><span style=\"text-decoration: underline\">UC:<\/span> Desenho e Fabrico Assistido por Computador<\/p>\n<p><span style=\"text-decoration: underline\">Curso:<\/span> CET &#8211; Fabrica\u00e7\u00e3o Autom\u00e1tica<\/p>\n<p><span style=\"text-decoration: underline\">Docente:<\/span> Nuno Andr\u00e9<\/p>\n<p><a href=\"http:\/\/plmacademy.estg.ipleiria.pt\/files\/2015\/06\/RachadorLenha01.jpg\"><img loading=\"lazy\" decoding=\"async\" class=\"aligncenter size-large wp-image-206\" src=\"http:\/\/plmacademy.estg.ipleiria.pt\/files\/2015\/06\/RachadorLenha01-1024x576.jpg\" alt=\"RachadorLenha01\" width=\"608\" height=\"342\" srcset=\"https:\/\/plmacademy.estg.ipleiria.pt\/files\/2015\/06\/RachadorLenha01-1024x576.jpg 1024w, https:\/\/plmacademy.estg.ipleiria.pt\/files\/2015\/06\/RachadorLenha01-300x169.jpg 300w, https:\/\/plmacademy.estg.ipleiria.pt\/files\/2015\/06\/RachadorLenha01.jpg 1366w\" sizes=\"auto, (max-width: 608px) 100vw, 608px\" \/><\/a><\/p>\n<hr>\n<p><strong>Porta paletes<br \/>\n<\/strong><\/p>\n<p><span style=\"text-decoration: underline\">Autor:<\/span> Pedro Dias<\/p>\n<p><span style=\"text-decoration: underline\">UC:<\/span> Desenho e Fabrico Assistido por Computador<\/p>\n<p><span style=\"text-decoration: underline\">Curso:<\/span> CET &#8211; Fabrica\u00e7\u00e3o Autom\u00e1tica<\/p>\n<p><span style=\"text-decoration: underline\">Docente:<\/span> Nuno Andr\u00e9<\/p>\n<p><a href=\"http:\/\/plmacademy.estg.ipleiria.pt\/files\/2015\/06\/Porta_Paletes.jpg\"><img loading=\"lazy\" decoding=\"async\" class=\"aligncenter size-large wp-image-204\" src=\"http:\/\/plmacademy.estg.ipleiria.pt\/files\/2015\/06\/Porta_Paletes-1024x576.jpg\" alt=\"Porta_Paletes\" width=\"608\" height=\"342\" srcset=\"https:\/\/plmacademy.estg.ipleiria.pt\/files\/2015\/06\/Porta_Paletes-1024x576.jpg 1024w, https:\/\/plmacademy.estg.ipleiria.pt\/files\/2015\/06\/Porta_Paletes-300x169.jpg 300w, https:\/\/plmacademy.estg.ipleiria.pt\/files\/2015\/06\/Porta_Paletes.jpg 1366w\" sizes=\"auto, (max-width: 608px) 100vw, 608px\" \/><\/a><\/p>\n<hr>\n<p><strong>Comando PlayStation<br \/>\n<\/strong><\/p>\n<p><span style=\"text-decoration: underline\">Autora:<\/span> Catarina Alexandre<\/p>\n<p><span style=\"text-decoration: underline\">UC:<\/span> Modela\u00e7\u00e3o Assistida por Computador<\/p>\n<p><span style=\"text-decoration: underline\">Curso:<\/span> Engenharia Mec\u00e2nica<\/p>\n<p><span style=\"text-decoration: underline\">Docente:<\/span> Nuno Andr\u00e9<\/p>\n<p><a href=\"http:\/\/www.plmacademy.estg.ipleiria.pt\/files\/2015\/02\/Comando01.jpg\"><img loading=\"lazy\" decoding=\"async\" class=\"aligncenter size-large wp-image-185\" src=\"http:\/\/www.plmacademy.estg.ipleiria.pt\/files\/2015\/02\/Comando01-1024x576.jpg\" alt=\"Comando01\" width=\"608\" height=\"342\" srcset=\"https:\/\/plmacademy.estg.ipleiria.pt\/files\/2015\/02\/Comando01-1024x576.jpg 1024w, https:\/\/plmacademy.estg.ipleiria.pt\/files\/2015\/02\/Comando01-300x169.jpg 300w, https:\/\/plmacademy.estg.ipleiria.pt\/files\/2015\/02\/Comando01.jpg 1366w\" sizes=\"auto, (max-width: 608px) 100vw, 608px\" \/><\/a><\/p>\n<hr>\n<p><strong>Elevador<br \/>\n<\/strong><\/p>\n<p><span style=\"text-decoration: underline\">Autor:<\/span> Rodrigo Machado<\/p>\n<p><span style=\"text-decoration: underline\">UC:<\/span> Desenho e Fabrico Assistido por Computador<\/p>\n<p><span style=\"text-decoration: underline\">Curso:<\/span> CET &#8211; Fabrica\u00e7\u00e3o Autom\u00e1tica<\/p>\n<p><span style=\"text-decoration: underline\">Docente:<\/span> Nuno Andr\u00e9<\/p>\n<p><a href=\"http:\/\/www.plmacademy.estg.ipleiria.pt\/files\/2015\/02\/Elevador01.jpg\"><img loading=\"lazy\" decoding=\"async\" class=\" size-large wp-image-187 alignleft\" src=\"http:\/\/www.plmacademy.estg.ipleiria.pt\/files\/2015\/02\/Elevador01-1024x576.jpg\" alt=\"Elevador01\" width=\"608\" height=\"342\" srcset=\"https:\/\/plmacademy.estg.ipleiria.pt\/files\/2015\/02\/Elevador01-1024x576.jpg 1024w, https:\/\/plmacademy.estg.ipleiria.pt\/files\/2015\/02\/Elevador01-300x169.jpg 300w, https:\/\/plmacademy.estg.ipleiria.pt\/files\/2015\/02\/Elevador01.jpg 1366w\" sizes=\"auto, (max-width: 608px) 100vw, 608px\" \/><\/a><\/p>\n<hr>\n<p><strong>Bicicleta El\u00edptica<br \/>\n<\/strong><\/p>\n<p><span style=\"text-decoration: underline\">Autor:<\/span> Miguel Silva<\/p>\n<p><span style=\"text-decoration: underline\">UC:<\/span> Modela\u00e7\u00e3o Assistida por Computador<\/p>\n<p><span style=\"text-decoration: underline\">Curso:<\/span> Engenharia Mec\u00e2nica<\/p>\n<p><span style=\"text-decoration: underline\">Docente:<\/span> Nuno Andr\u00e9<\/p>\n<p><a href=\"http:\/\/plmacademy.estg.ipleiria.pt\/files\/2015\/02\/Eliptica01.jpg\"><img loading=\"lazy\" decoding=\"async\" class=\"aligncenter size-large wp-image-195\" src=\"http:\/\/plmacademy.estg.ipleiria.pt\/files\/2015\/02\/Eliptica01-1024x576.jpg\" alt=\"Eliptica01\" width=\"608\" height=\"342\" srcset=\"https:\/\/plmacademy.estg.ipleiria.pt\/files\/2015\/02\/Eliptica01-1024x576.jpg 1024w, https:\/\/plmacademy.estg.ipleiria.pt\/files\/2015\/02\/Eliptica01-300x169.jpg 300w, https:\/\/plmacademy.estg.ipleiria.pt\/files\/2015\/02\/Eliptica01.jpg 1366w\" sizes=\"auto, (max-width: 608px) 100vw, 608px\" \/><\/a><\/p>\n<hr>\n<p><strong>Lego Cami\u00e3o<br \/>\n<\/strong><\/p>\n<p><span style=\"text-decoration: underline\">Autores:<\/span> Eduardo Silva e Rui Calisto<\/p>\n<p><span style=\"text-decoration: underline\">UC:<\/span> Desenho e Fabrico Assistido por Computador<\/p>\n<p><span style=\"text-decoration: underline\">Curso:<\/span> CET &#8211; Fabrica\u00e7\u00e3o Autom\u00e1tica<\/p>\n<p><span style=\"text-decoration: underline\">Docente:<\/span> Nuno Andr\u00e9<\/p>\n<p><a href=\"http:\/\/plmacademy.estg.ipleiria.pt\/files\/2015\/06\/Lego_Camiao01.jpg\"><img loading=\"lazy\" decoding=\"async\" class=\"aligncenter size-large wp-image-202\" src=\"http:\/\/plmacademy.estg.ipleiria.pt\/files\/2015\/06\/Lego_Camiao01-1024x576.jpg\" alt=\"Lego_Camiao01\" width=\"608\" height=\"342\" srcset=\"https:\/\/plmacademy.estg.ipleiria.pt\/files\/2015\/06\/Lego_Camiao01-1024x576.jpg 1024w, https:\/\/plmacademy.estg.ipleiria.pt\/files\/2015\/06\/Lego_Camiao01-300x169.jpg 300w, https:\/\/plmacademy.estg.ipleiria.pt\/files\/2015\/06\/Lego_Camiao01.jpg 1366w\" sizes=\"auto, (max-width: 608px) 100vw, 608px\" \/><\/a><\/p>\n<hr>\n<p><strong>Extintor<br \/>\n<\/strong><\/p>\n<p><span style=\"text-decoration: underline\">Autor:<\/span> Mickael Santos<\/p>\n<p><span style=\"text-decoration: underline\">UC:<\/span> Desenho e Fabrico Assistido por Computador<\/p>\n<p><span style=\"text-decoration: underline\">Curso:<\/span> CET &#8211; Fabrica\u00e7\u00e3o Autom\u00e1tica<\/p>\n<p><span style=\"text-decoration: underline\">Docente:<\/span> Nuno Andr\u00e9<\/p>\n<p><a href=\"http:\/\/plmacademy.estg.ipleiria.pt\/files\/2015\/06\/Extintor.jpg\"><img loading=\"lazy\" decoding=\"async\" class=\"aligncenter size-large wp-image-197\" src=\"http:\/\/plmacademy.estg.ipleiria.pt\/files\/2015\/06\/Extintor-1024x576.jpg\" alt=\"Extintor\" width=\"608\" height=\"342\" srcset=\"https:\/\/plmacademy.estg.ipleiria.pt\/files\/2015\/06\/Extintor-1024x576.jpg 1024w, https:\/\/plmacademy.estg.ipleiria.pt\/files\/2015\/06\/Extintor-300x169.jpg 300w, https:\/\/plmacademy.estg.ipleiria.pt\/files\/2015\/06\/Extintor.jpg 1366w\" sizes=\"auto, (max-width: 608px) 100vw, 608px\" \/><\/a><\/p>\n","protected":false},"excerpt":{"rendered":"<p>Fresadora CNC Autor: Tiago Pinto UC: Modela\u00e7\u00e3o Assistida por Computador Curso: Engenharia Mec\u00e2nica Docente: Nuno Andr\u00e9 Lego Ferrari F1 Autores: Daniel G\u00f3is e Ricardo Pereira UC: Desenho e Fabrico Assistido por Computador Curso: CET &#8211; Fabrica\u00e7\u00e3o Autom\u00e1tica Docente: Nuno Andr\u00e9 Avi\u00e3o Autor: Ivan Soares UC: Modela\u00e7\u00e3o Assistida por Computador Curso: Engenharia Mec\u00e2nica Docente: Nuno Andr\u00e9<\/p>\n<p><a href=\"https:\/\/plmacademy.estg.ipleiria.pt\/?page_id=161\">Read More\u2026<\/a><\/p>\n","protected":false},"author":76,"featured_media":0,"parent":159,"menu_order":9,"comment_status":"open","ping_status":"closed","template":"","meta":{"footnotes":""},"class_list":["post-161","page","type-page","status-publish","hentry"],"_links":{"self":[{"href":"https:\/\/plmacademy.estg.ipleiria.pt\/index.php?rest_route=\/wp\/v2\/pages\/161","targetHints":{"allow":["GET"]}}],"collection":[{"href":"https:\/\/plmacademy.estg.ipleiria.pt\/index.php?rest_route=\/wp\/v2\/pages"}],"about":[{"href":"https:\/\/plmacademy.estg.ipleiria.pt\/index.php?rest_route=\/wp\/v2\/types\/page"}],"author":[{"embeddable":true,"href":"https:\/\/plmacademy.estg.ipleiria.pt\/index.php?rest_route=\/wp\/v2\/users\/76"}],"replies":[{"embeddable":true,"href":"https:\/\/plmacademy.estg.ipleiria.pt\/index.php?rest_route=%2Fwp%2Fv2%2Fcomments&post=161"}],"version-history":[{"count":25,"href":"https:\/\/plmacademy.estg.ipleiria.pt\/index.php?rest_route=\/wp\/v2\/pages\/161\/revisions"}],"predecessor-version":[{"id":352,"href":"https:\/\/plmacademy.estg.ipleiria.pt\/index.php?rest_route=\/wp\/v2\/pages\/161\/revisions\/352"}],"up":[{"embeddable":true,"href":"https:\/\/plmacademy.estg.ipleiria.pt\/index.php?rest_route=\/wp\/v2\/pages\/159"}],"wp:attachment":[{"href":"https:\/\/plmacademy.estg.ipleiria.pt\/index.php?rest_route=%2Fwp%2Fv2%2Fmedia&parent=161"}],"curies":[{"name":"wp","href":"https:\/\/api.w.org\/{rel}","templated":true}]}}