{"id":163,"date":"2015-02-13T11:32:50","date_gmt":"2015-02-13T11:32:50","guid":{"rendered":"http:\/\/plmacademy.estg.ipleiria.pt\/?page_id=163"},"modified":"2022-03-28T09:04:12","modified_gmt":"2022-03-28T09:04:12","slug":"20142015-2","status":"publish","type":"page","link":"https:\/\/plmacademy.estg.ipleiria.pt\/?page_id=163","title":{"rendered":"2014\/2015"},"content":{"rendered":"<hr>\n<p><strong>Bomba de vareta para extra\u00e7\u00e3o de petr\u00f3leo<br \/>\n<\/strong><\/p>\n<p><span style=\"text-decoration: underline\">Autor:<\/span> Daniel Carvalho<\/p>\n<p><span style=\"text-decoration: underline\">UC:<\/span> Desenho e Fabrico Assistido por Computador<\/p>\n<p><span style=\"text-decoration: underline\">Curso:<\/span> CET \u2013 Fabrica\u00e7\u00e3o Autom\u00e1tica<\/p>\n<p><span style=\"text-decoration: underline\">Docente:<\/span> Nuno Andr\u00e9<\/p>\n<p><a href=\"http:\/\/plmacademy.estg.ipleiria.pt\/files\/2015\/02\/BombaVareta.jpg\"><img loading=\"lazy\" decoding=\"async\" class=\"aligncenter size-large wp-image-216\" src=\"http:\/\/plmacademy.estg.ipleiria.pt\/files\/2015\/02\/BombaVareta-1024x640.jpg\" alt=\"BombaVareta\" width=\"608\" height=\"380\" srcset=\"https:\/\/plmacademy.estg.ipleiria.pt\/files\/2015\/02\/BombaVareta-1024x640.jpg 1024w, https:\/\/plmacademy.estg.ipleiria.pt\/files\/2015\/02\/BombaVareta-300x188.jpg 300w, https:\/\/plmacademy.estg.ipleiria.pt\/files\/2015\/02\/BombaVareta.jpg 1680w\" sizes=\"auto, (max-width: 608px) 100vw, 608px\" \/><\/a><\/p>\n<hr>\n<p><strong>Buggy<br \/>\n<\/strong><\/p>\n<p><span style=\"text-decoration: underline\">Autor:<\/span> Ludovic Santos<\/p>\n<p><span style=\"text-decoration: underline\">UC:<\/span> Desenho e Fabrico Assistido por Computador<\/p>\n<p><span style=\"text-decoration: underline\">Curso:<\/span> CET \u2013 Fabrica\u00e7\u00e3o Autom\u00e1tica<\/p>\n<p><span style=\"text-decoration: underline\">Docente:<\/span> Nuno Andr\u00e9<\/p>\n<p><a href=\"http:\/\/plmacademy.estg.ipleiria.pt\/files\/2015\/02\/Buggy.jpg\"><img loading=\"lazy\" decoding=\"async\" class=\"aligncenter size-large wp-image-220\" src=\"http:\/\/plmacademy.estg.ipleiria.pt\/files\/2015\/02\/Buggy-1024x640.jpg\" alt=\"Buggy\" width=\"608\" height=\"380\" srcset=\"https:\/\/plmacademy.estg.ipleiria.pt\/files\/2015\/02\/Buggy-1024x640.jpg 1024w, https:\/\/plmacademy.estg.ipleiria.pt\/files\/2015\/02\/Buggy-300x188.jpg 300w, https:\/\/plmacademy.estg.ipleiria.pt\/files\/2015\/02\/Buggy.jpg 1680w\" sizes=\"auto, (max-width: 608px) 100vw, 608px\" \/><\/a><\/p>\n<hr>\n<p><strong>Motor V8<br \/>\n<\/strong><\/p>\n<p><span style=\"text-decoration: underline\">Autores:<\/span> Alan Lopes e Marco Lopes<\/p>\n<p><span style=\"text-decoration: underline\">UC:<\/span> Desenho e Fabrico Assistido por Computador<\/p>\n<p><span style=\"text-decoration: underline\">Curso:<\/span> CET \u2013 Fabrica\u00e7\u00e3o Autom\u00e1tica<\/p>\n<p><span style=\"text-decoration: underline\">Docente:<\/span> Nuno Andr\u00e9<\/p>\n<p><a href=\"http:\/\/plmacademy.estg.ipleiria.pt\/files\/2015\/02\/MotorV8.jpg\"><img loading=\"lazy\" decoding=\"async\" class=\"aligncenter size-large wp-image-222\" src=\"http:\/\/plmacademy.estg.ipleiria.pt\/files\/2015\/02\/MotorV8-1024x640.jpg\" alt=\"MotorV8\" width=\"608\" height=\"380\" srcset=\"https:\/\/plmacademy.estg.ipleiria.pt\/files\/2015\/02\/MotorV8-1024x640.jpg 1024w, https:\/\/plmacademy.estg.ipleiria.pt\/files\/2015\/02\/MotorV8-300x188.jpg 300w, https:\/\/plmacademy.estg.ipleiria.pt\/files\/2015\/02\/MotorV8.jpg 1680w\" sizes=\"auto, (max-width: 608px) 100vw, 608px\" \/><\/a><\/p>\n<hr>\n<p><strong>Carro TT<br \/>\n<\/strong><\/p>\n<p><span style=\"text-decoration: underline\">Autor:<\/span> Andr\u00e9 Almeida e Rodrigo Calado<\/p>\n<p><span style=\"text-decoration: underline\">UC:<\/span> Desenho e Fabrico Assistido por Computador<\/p>\n<p><span style=\"text-decoration: underline\">Curso:<\/span> CET \u2013 Fabrica\u00e7\u00e3o Autom\u00e1tica<\/p>\n<p><span style=\"text-decoration: underline\">Docente:<\/span> Nuno Andr\u00e9<\/p>\n<p><a href=\"http:\/\/plmacademy.estg.ipleiria.pt\/files\/2015\/02\/CarroTT.jpg\"><img loading=\"lazy\" decoding=\"async\" class=\"aligncenter size-large wp-image-227\" src=\"http:\/\/plmacademy.estg.ipleiria.pt\/files\/2015\/02\/CarroTT-1024x640.jpg\" alt=\"CarroTT\" width=\"608\" height=\"380\" srcset=\"https:\/\/plmacademy.estg.ipleiria.pt\/files\/2015\/02\/CarroTT-1024x640.jpg 1024w, https:\/\/plmacademy.estg.ipleiria.pt\/files\/2015\/02\/CarroTT-300x188.jpg 300w, https:\/\/plmacademy.estg.ipleiria.pt\/files\/2015\/02\/CarroTT.jpg 1680w\" sizes=\"auto, (max-width: 608px) 100vw, 608px\" \/><\/a><\/p>\n<hr>\n<p><strong>Robot<br \/>\n<\/strong><\/p>\n<p><span style=\"text-decoration: underline\">Autor:<\/span> Jo\u00e3o Silva<\/p>\n<p><span style=\"text-decoration: underline\">UC:<\/span> Desenho e Fabrico Assistido por Computador<\/p>\n<p><span style=\"text-decoration: underline\">Curso:<\/span> CET \u2013 Fabrica\u00e7\u00e3o Autom\u00e1tica<\/p>\n<p><span style=\"text-decoration: underline\">Docente:<\/span> Nuno Andr\u00e9<\/p>\n<p><a href=\"http:\/\/plmacademy.estg.ipleiria.pt\/files\/2015\/02\/Robot.jpg\"><img loading=\"lazy\" decoding=\"async\" class=\"aligncenter size-large wp-image-218\" src=\"http:\/\/plmacademy.estg.ipleiria.pt\/files\/2015\/02\/Robot-1024x640.jpg\" alt=\"Robot\" width=\"608\" height=\"380\" srcset=\"https:\/\/plmacademy.estg.ipleiria.pt\/files\/2015\/02\/Robot-1024x640.jpg 1024w, https:\/\/plmacademy.estg.ipleiria.pt\/files\/2015\/02\/Robot-300x188.jpg 300w, https:\/\/plmacademy.estg.ipleiria.pt\/files\/2015\/02\/Robot.jpg 1680w\" sizes=\"auto, (max-width: 608px) 100vw, 608px\" \/><\/a><\/p>\n<hr>\n<p><strong>Guitarra Gibson Les Pauls<br \/>\n<\/strong><\/p>\n<p><span style=\"text-decoration: underline\">Autor:<\/span> Cl\u00e1udio Oliveira<\/p>\n<p><span style=\"text-decoration: underline\">UC:<\/span> Desenho e Fabrico Assistido por Computador<\/p>\n<p><span style=\"text-decoration: underline\">Curso:<\/span> CET \u2013 Fabrica\u00e7\u00e3o Autom\u00e1tica<\/p>\n<p><span style=\"text-decoration: underline\">Docente:<\/span> Nuno Andr\u00e9<\/p>\n<p><a href=\"http:\/\/plmacademy.estg.ipleiria.pt\/files\/2015\/02\/Guitarra.jpg\"><img loading=\"lazy\" decoding=\"async\" class=\"aligncenter size-large wp-image-223\" src=\"http:\/\/plmacademy.estg.ipleiria.pt\/files\/2015\/02\/Guitarra-1024x640.jpg\" alt=\"Guitarra\" width=\"608\" height=\"380\" srcset=\"https:\/\/plmacademy.estg.ipleiria.pt\/files\/2015\/02\/Guitarra-1024x640.jpg 1024w, https:\/\/plmacademy.estg.ipleiria.pt\/files\/2015\/02\/Guitarra-300x188.jpg 300w, https:\/\/plmacademy.estg.ipleiria.pt\/files\/2015\/02\/Guitarra.jpg 1680w\" sizes=\"auto, (max-width: 608px) 100vw, 608px\" \/><\/a><\/p>\n<hr>\n<p><strong>Torno de bancada<br \/>\n<\/strong><\/p>\n<p><span style=\"text-decoration: underline\">Autor:<\/span> Tiago Oliveira<\/p>\n<p><span style=\"text-decoration: underline\">UC:<\/span> Desenho e Fabrico Assistido por Computador<\/p>\n<p><span style=\"text-decoration: underline\">Curso:<\/span> CET \u2013 Fabrica\u00e7\u00e3o Autom\u00e1tica<\/p>\n<p><span style=\"text-decoration: underline\">Docente:<\/span> Nuno Andr\u00e9<\/p>\n<p><a href=\"http:\/\/plmacademy.estg.ipleiria.pt\/files\/2015\/02\/Torno1.jpg\"><img loading=\"lazy\" decoding=\"async\" class=\"aligncenter size-large wp-image-226\" src=\"http:\/\/plmacademy.estg.ipleiria.pt\/files\/2015\/02\/Torno1-1024x640.jpg\" alt=\"Torno\" width=\"608\" height=\"380\" srcset=\"https:\/\/plmacademy.estg.ipleiria.pt\/files\/2015\/02\/Torno1-1024x640.jpg 1024w, https:\/\/plmacademy.estg.ipleiria.pt\/files\/2015\/02\/Torno1-300x188.jpg 300w, https:\/\/plmacademy.estg.ipleiria.pt\/files\/2015\/02\/Torno1.jpg 1680w\" sizes=\"auto, (max-width: 608px) 100vw, 608px\" \/><\/a><\/p>\n","protected":false},"excerpt":{"rendered":"<p>Bomba de vareta para extra\u00e7\u00e3o de petr\u00f3leo Autor: Daniel Carvalho UC: Desenho e Fabrico Assistido por Computador Curso: CET \u2013 Fabrica\u00e7\u00e3o Autom\u00e1tica Docente: Nuno Andr\u00e9 Buggy Autor: Ludovic Santos UC: Desenho e Fabrico Assistido por Computador Curso: CET \u2013 Fabrica\u00e7\u00e3o Autom\u00e1tica Docente: Nuno Andr\u00e9 Motor V8 Autores: Alan Lopes e Marco Lopes UC: Desenho e<\/p>\n<p><a href=\"https:\/\/plmacademy.estg.ipleiria.pt\/?page_id=163\">Read More\u2026<\/a><\/p>\n","protected":false},"author":76,"featured_media":0,"parent":159,"menu_order":8,"comment_status":"open","ping_status":"closed","template":"","meta":{"footnotes":""},"class_list":["post-163","page","type-page","status-publish","hentry"],"_links":{"self":[{"href":"https:\/\/plmacademy.estg.ipleiria.pt\/index.php?rest_route=\/wp\/v2\/pages\/163","targetHints":{"allow":["GET"]}}],"collection":[{"href":"https:\/\/plmacademy.estg.ipleiria.pt\/index.php?rest_route=\/wp\/v2\/pages"}],"about":[{"href":"https:\/\/plmacademy.estg.ipleiria.pt\/index.php?rest_route=\/wp\/v2\/types\/page"}],"author":[{"embeddable":true,"href":"https:\/\/plmacademy.estg.ipleiria.pt\/index.php?rest_route=\/wp\/v2\/users\/76"}],"replies":[{"embeddable":true,"href":"https:\/\/plmacademy.estg.ipleiria.pt\/index.php?rest_route=%2Fwp%2Fv2%2Fcomments&post=163"}],"version-history":[{"count":8,"href":"https:\/\/plmacademy.estg.ipleiria.pt\/index.php?rest_route=\/wp\/v2\/pages\/163\/revisions"}],"predecessor-version":[{"id":336,"href":"https:\/\/plmacademy.estg.ipleiria.pt\/index.php?rest_route=\/wp\/v2\/pages\/163\/revisions\/336"}],"up":[{"embeddable":true,"href":"https:\/\/plmacademy.estg.ipleiria.pt\/index.php?rest_route=\/wp\/v2\/pages\/159"}],"wp:attachment":[{"href":"https:\/\/plmacademy.estg.ipleiria.pt\/index.php?rest_route=%2Fwp%2Fv2%2Fmedia&parent=163"}],"curies":[{"name":"wp","href":"https:\/\/api.w.org\/{rel}","templated":true}]}}