{"id":28,"date":"2014-05-06T09:45:03","date_gmt":"2014-05-06T09:45:03","guid":{"rendered":"http:\/\/plmacademy.estg.ipleiria.pt\/?page_id=28"},"modified":"2022-04-05T15:33:11","modified_gmt":"2022-04-05T15:33:11","slug":"solidedge","status":"publish","type":"page","link":"https:\/\/plmacademy.estg.ipleiria.pt\/?page_id=28","title":{"rendered":"Solid Edge"},"content":{"rendered":"<p>O <a href=\"http:\/\/www.solidedge.com\">Solid Edge<\/a> da Siemens PLM \u00e9 o sistema CAD 3D mais inovador do mercado mid-range. Utiliza a Tecnologia S\u00edncrona, o novo paradigma da modela\u00e7\u00e3o 3D exclusivo da Siemens PLM, permitindo reduzir de forma acentuada os tempos de desenvolvimento dos projectos CAD.<\/p>\n<p>Possuindo avan\u00e7ados recursos para a modela\u00e7\u00e3o de pe\u00e7as, cria\u00e7\u00e3o de pequenas e grandes conjuntos, simula\u00e7\u00e3o de movimentos e gera\u00e7\u00e3o autom\u00e1tica de desenhos 2D, bem como ambientes espec\u00edficos para chapa, estruturas e tubagens, o Solid Edge imp\u00f4s-se no mercado como uma ferramenta CAD 3D de desenho mec\u00e2nico com o selo de qualidade da Siemens.<\/p>\n<p><a href=\"http:\/\/plmacademy.estg.ipleiria.pt\/files\/2022\/04\/Mustang2.jpg\"><img loading=\"lazy\" decoding=\"async\" class=\"aligncenter size-large wp-image-364\" src=\"http:\/\/plmacademy.estg.ipleiria.pt\/files\/2022\/04\/Mustang2-1024x576.jpg\" alt=\"\" width=\"608\" height=\"342\" srcset=\"https:\/\/plmacademy.estg.ipleiria.pt\/files\/2022\/04\/Mustang2-1024x576.jpg 1024w, https:\/\/plmacademy.estg.ipleiria.pt\/files\/2022\/04\/Mustang2-300x169.jpg 300w, https:\/\/plmacademy.estg.ipleiria.pt\/files\/2022\/04\/Mustang2-768x432.jpg 768w, https:\/\/plmacademy.estg.ipleiria.pt\/files\/2022\/04\/Mustang2-1536x864.jpg 1536w, https:\/\/plmacademy.estg.ipleiria.pt\/files\/2022\/04\/Mustang2.jpg 1920w\" sizes=\"auto, (max-width: 608px) 100vw, 608px\" \/><\/a><\/p>\n<p style=\"text-align: center\"><a href=\"http:\/\/plmacademy.estg.ipleiria.pt\/files\/2022\/04\/Mustang.jpg\"><img loading=\"lazy\" decoding=\"async\" class=\"aligncenter size-large wp-image-365\" src=\"http:\/\/plmacademy.estg.ipleiria.pt\/files\/2022\/04\/Mustang-1024x576.jpg\" alt=\"\" width=\"608\" height=\"342\" srcset=\"https:\/\/plmacademy.estg.ipleiria.pt\/files\/2022\/04\/Mustang-1024x576.jpg 1024w, https:\/\/plmacademy.estg.ipleiria.pt\/files\/2022\/04\/Mustang-300x169.jpg 300w, https:\/\/plmacademy.estg.ipleiria.pt\/files\/2022\/04\/Mustang-768x432.jpg 768w, https:\/\/plmacademy.estg.ipleiria.pt\/files\/2022\/04\/Mustang-1536x864.jpg 1536w, https:\/\/plmacademy.estg.ipleiria.pt\/files\/2022\/04\/Mustang.jpg 1920w\" sizes=\"auto, (max-width: 608px) 100vw, 608px\" \/><\/a>Ford Mustang (vista frontal e traseira) &#8211; Trabalho realizado pelo estudante Bruno Quinzico, da licenciatura em Engenharia Mec\u00e2nica.<\/p>\n<p><strong>O interface do Solid Edge<\/strong><\/p>\n<p>Sendo nativo para PC\/Windows, o Solid Edge possui um interface extremamente intuitivo e integra-se perfeitamente com todas as outras aplica\u00e7\u00f5es do Windows. O Solid Edge disponibiliza em ambiente Windows os recursos anteriormente encontrados somente em sistemas high-end de custo mais elevado.<\/p>\n<p>O Solid Edge permite \u00e0s empresas projetar e gerir os seus projectos usando a tecnologia Insight, obtendo assim vantagens competitivas por meio de redu\u00e7\u00e3o de custos, prazos de entrega e elimina\u00e7\u00e3o de n\u00e3o conformidades. Essa tecnologia, exclusiva do Solid Edge, inclui recursos de gest\u00e3o no pr\u00f3prio CAD, o que providencia um panorama completo do projeto a todas as \u00e1reas de atividade de uma empresa, num ambiente de trabalho colaborativo.<\/p>\n<p>O Insight, complementado pelos fluxos de trabalho de processos e modela\u00e7\u00e3o do Solid Edge, facilita bastante a cria\u00e7\u00e3o de produtos cada vez mais complexos, necess\u00e1rios para continuar a atender aos mais adversos desafios em constante altera\u00e7\u00e3o no mercado. A grande comunidade de utilizadores do Solid Edge \u00e9 formada por designers e projetistas que trabalham em centenas de empresas de todo o mundo, como a Alcoa, a NEC e a Volvo.<\/p>\n<p>O programa Solid Edge Voyager possui mais de 200 aplica\u00e7\u00f5es de software em engenharia integrados e solu\u00e7\u00f5es de hardware.<\/p>\n<p><strong>Principais Funcionalidades<\/strong><\/p>\n<ul>\n<li>Facilidade na migra\u00e7\u00e3o de 2D para 3D<\/li>\n<li>Desenho 2D (Draft)<\/li>\n<li>Modela\u00e7\u00e3o S\u00f3lida Tridimensional (Part)<\/li>\n<li>Desenhos de Montagem (Assembly)<\/li>\n<li>Pe\u00e7as em Chapa (Sheet Metal)<\/li>\n<li>Simula\u00e7\u00e3o de Movimento (Motion)<\/li>\n<li>&#8220;Feature Recognizer&#8221;<\/li>\n<li>Projeto de Tubagens e Cabos &#8220;X-pres Route&#8221;<\/li>\n<li>Mold Tooling<\/li>\n<li>&#8220;Web Publisher&#8221;<\/li>\n<li>&#8220;Engineering Reference&#8221;<\/li>\n<li>Gest\u00e3o, Produtividade e Integra\u00e7\u00e3o<\/li>\n<li>Outras caracter\u00edsticas<\/li>\n<\/ul>\n<p><strong>Solid Edge 2022<\/strong><\/p>\n<p><iframe loading=\"lazy\" title=\"Introducing Solid Edge 2022 \u2014 Engineered to grow your business | Launch Event\" width=\"608\" height=\"342\" src=\"https:\/\/www.youtube.com\/embed\/vARs9Sionwo?feature=oembed\" frameborder=\"0\" allow=\"accelerometer; autoplay; clipboard-write; encrypted-media; gyroscope; picture-in-picture; web-share\" referrerpolicy=\"strict-origin-when-cross-origin\" allowfullscreen><\/iframe><\/p>\n","protected":false},"excerpt":{"rendered":"<p>O Solid Edge da Siemens PLM \u00e9 o sistema CAD 3D mais inovador do mercado mid-range. Utiliza a Tecnologia S\u00edncrona, o novo paradigma da modela\u00e7\u00e3o 3D exclusivo da Siemens PLM, permitindo reduzir de forma acentuada os tempos de desenvolvimento dos projectos CAD. Possuindo avan\u00e7ados recursos para a modela\u00e7\u00e3o de pe\u00e7as, cria\u00e7\u00e3o de pequenas e grandes<\/p>\n<p><a href=\"https:\/\/plmacademy.estg.ipleiria.pt\/?page_id=28\">Read More\u2026<\/a><\/p>\n","protected":false},"author":76,"featured_media":0,"parent":25,"menu_order":1,"comment_status":"open","ping_status":"open","template":"","meta":{"footnotes":""},"class_list":["post-28","page","type-page","status-publish","hentry"],"_links":{"self":[{"href":"https:\/\/plmacademy.estg.ipleiria.pt\/index.php?rest_route=\/wp\/v2\/pages\/28","targetHints":{"allow":["GET"]}}],"collection":[{"href":"https:\/\/plmacademy.estg.ipleiria.pt\/index.php?rest_route=\/wp\/v2\/pages"}],"about":[{"href":"https:\/\/plmacademy.estg.ipleiria.pt\/index.php?rest_route=\/wp\/v2\/types\/page"}],"author":[{"embeddable":true,"href":"https:\/\/plmacademy.estg.ipleiria.pt\/index.php?rest_route=\/wp\/v2\/users\/76"}],"replies":[{"embeddable":true,"href":"https:\/\/plmacademy.estg.ipleiria.pt\/index.php?rest_route=%2Fwp%2Fv2%2Fcomments&post=28"}],"version-history":[{"count":13,"href":"https:\/\/plmacademy.estg.ipleiria.pt\/index.php?rest_route=\/wp\/v2\/pages\/28\/revisions"}],"predecessor-version":[{"id":368,"href":"https:\/\/plmacademy.estg.ipleiria.pt\/index.php?rest_route=\/wp\/v2\/pages\/28\/revisions\/368"}],"up":[{"embeddable":true,"href":"https:\/\/plmacademy.estg.ipleiria.pt\/index.php?rest_route=\/wp\/v2\/pages\/25"}],"wp:attachment":[{"href":"https:\/\/plmacademy.estg.ipleiria.pt\/index.php?rest_route=%2Fwp%2Fv2%2Fmedia&parent=28"}],"curies":[{"name":"wp","href":"https:\/\/api.w.org\/{rel}","templated":true}]}}