{"id":6,"date":"2014-05-02T13:27:20","date_gmt":"2014-05-02T13:27:20","guid":{"rendered":"http:\/\/sites.ipleiria.pt\/saa\/?page_id=2"},"modified":"2022-03-28T08:32:00","modified_gmt":"2022-03-28T08:32:00","slug":"intro","status":"publish","type":"page","link":"https:\/\/plmacademy.estg.ipleiria.pt\/?page_id=6","title":{"rendered":"PLM Academy"},"content":{"rendered":"<p>A Siemens PLM Academy (Product Lifecycle Management Academy) \u00e9 um espa\u00e7o laboratorial orientado para as \u00e1reas da engenharia\u00a0 mec\u00e2nica e gest\u00e3o industrial, que surge de uma parceria entre a Siemens, a Cadflow e a Escola Superior de Tecnologia e Gest\u00e3o do Instituto Polit\u00e9cnico de Leiria. Esta academia pretende promover e dotar os estudantes das melhores\u00a0 ferramentas\u00a0 e metodologias para o projeto, fabrico e gest\u00e3o industrial, suportada na forte experi\u00eancia e liga\u00e7\u00e3o com o tecido industrial da regi\u00e3o.\u00a0 A PLM Academy est\u00e1 equipada com 24 postos de trabalho, dispondo de software Siemens SolidEdge, NX, Tecnomatix e Teamcenter,\u00a0 produtos de refer\u00eancia mundial e com forte presen\u00e7a nos diversos dom\u00ednios da engenharia.<\/p>\n<p><a href=\"http:\/\/plmacademy.estg.ipleiria.pt\/files\/2022\/03\/Sala2022-scaled.jpg\"><img loading=\"lazy\" decoding=\"async\" class=\"aligncenter size-large wp-image-320\" src=\"http:\/\/plmacademy.estg.ipleiria.pt\/files\/2022\/03\/Sala2022-1024x768.jpg\" alt=\"\" width=\"608\" height=\"456\" srcset=\"https:\/\/plmacademy.estg.ipleiria.pt\/files\/2022\/03\/Sala2022-1024x768.jpg 1024w, https:\/\/plmacademy.estg.ipleiria.pt\/files\/2022\/03\/Sala2022-300x225.jpg 300w, https:\/\/plmacademy.estg.ipleiria.pt\/files\/2022\/03\/Sala2022-768x576.jpg 768w, https:\/\/plmacademy.estg.ipleiria.pt\/files\/2022\/03\/Sala2022-1536x1152.jpg 1536w, https:\/\/plmacademy.estg.ipleiria.pt\/files\/2022\/03\/Sala2022-2048x1536.jpg 2048w\" sizes=\"auto, (max-width: 608px) 100vw, 608px\" \/><\/a><\/p>\n","protected":false},"excerpt":{"rendered":"<p>A Siemens PLM Academy (Product Lifecycle Management Academy) \u00e9 um espa\u00e7o laboratorial orientado para as \u00e1reas da engenharia\u00a0 mec\u00e2nica e gest\u00e3o industrial, que surge de uma parceria entre a Siemens, a Cadflow e a Escola Superior de Tecnologia e Gest\u00e3o do Instituto Polit\u00e9cnico de Leiria. Esta academia pretende promover e dotar os estudantes das melhores\u00a0<\/p>\n<p><a href=\"https:\/\/plmacademy.estg.ipleiria.pt\/?page_id=6\">Read More\u2026<\/a><\/p>\n","protected":false},"author":66,"featured_media":39,"parent":0,"menu_order":0,"comment_status":"open","ping_status":"open","template":"","meta":{"footnotes":""},"class_list":["post-6","page","type-page","status-publish","has-post-thumbnail","hentry"],"_links":{"self":[{"href":"https:\/\/plmacademy.estg.ipleiria.pt\/index.php?rest_route=\/wp\/v2\/pages\/6","targetHints":{"allow":["GET"]}}],"collection":[{"href":"https:\/\/plmacademy.estg.ipleiria.pt\/index.php?rest_route=\/wp\/v2\/pages"}],"about":[{"href":"https:\/\/plmacademy.estg.ipleiria.pt\/index.php?rest_route=\/wp\/v2\/types\/page"}],"author":[{"embeddable":true,"href":"https:\/\/plmacademy.estg.ipleiria.pt\/index.php?rest_route=\/wp\/v2\/users\/66"}],"replies":[{"embeddable":true,"href":"https:\/\/plmacademy.estg.ipleiria.pt\/index.php?rest_route=%2Fwp%2Fv2%2Fcomments&post=6"}],"version-history":[{"count":9,"href":"https:\/\/plmacademy.estg.ipleiria.pt\/index.php?rest_route=\/wp\/v2\/pages\/6\/revisions"}],"predecessor-version":[{"id":362,"href":"https:\/\/plmacademy.estg.ipleiria.pt\/index.php?rest_route=\/wp\/v2\/pages\/6\/revisions\/362"}],"wp:featuredmedia":[{"embeddable":true,"href":"https:\/\/plmacademy.estg.ipleiria.pt\/index.php?rest_route=\/wp\/v2\/media\/39"}],"wp:attachment":[{"href":"https:\/\/plmacademy.estg.ipleiria.pt\/index.php?rest_route=%2Fwp%2Fv2%2Fmedia&parent=6"}],"curies":[{"name":"wp","href":"https:\/\/api.w.org\/{rel}","templated":true}]}}