{"id":91,"date":"2014-05-06T23:30:33","date_gmt":"2014-05-06T23:30:33","guid":{"rendered":"http:\/\/plmacademy.estg.ipleiria.pt\/?page_id=91"},"modified":"2014-05-07T00:06:38","modified_gmt":"2014-05-07T00:06:38","slug":"teamcenter","status":"publish","type":"page","link":"https:\/\/plmacademy.estg.ipleiria.pt\/?page_id=91","title":{"rendered":"Teamcenter"},"content":{"rendered":"<p><span style=\"font-size: 11pt\">O Teamcenter da Siemens PLM liga processos e pessoas, criando, capturando e partilhando informa\u00e7\u00e3o de produto, por forma a fomentar a creatividate e produtividade da sua empresa.<\/span><\/p>\n<p><span style=\"font-size: 11pt\">Atrav\u00e9s de um portf\u00f3lio integrado de solu\u00e7\u00f5es constru\u00eddas com base na funda\u00e7\u00e3o OpenPLM, e com provas dadas no mercado, \u00e9 o sistema de elei\u00e7\u00e3o em solu\u00e7\u00f5es PLM.\u00a0Solu\u00e7\u00f5es modulares e prontas a utilizar, ajustam-se \u00e0 sua empresa, qualquer que seja a sua forma de ver o PLM (Product Lifecycle Management).<\/span><\/p>\n<p>&nbsp;<\/p>\n<p align=\"justify\"><a href=\"http:\/\/www.plmacademy.estg.ipleiria.pt\/files\/2014\/05\/Teamcenter.jpg\"><img loading=\"lazy\" decoding=\"async\" class=\"aligncenter  wp-image-99\" alt=\"Teamcenter\" src=\"http:\/\/www.plmacademy.estg.ipleiria.pt\/files\/2014\/05\/Teamcenter.jpg\" width=\"812\" height=\"171\" srcset=\"https:\/\/plmacademy.estg.ipleiria.pt\/files\/2014\/05\/Teamcenter.jpg 942w, https:\/\/plmacademy.estg.ipleiria.pt\/files\/2014\/05\/Teamcenter-300x63.jpg 300w\" sizes=\"auto, (max-width: 812px) 100vw, 812px\" \/><\/a><\/p>\n<p align=\"justify\">\n","protected":false},"excerpt":{"rendered":"<p>O Teamcenter da Siemens PLM liga processos e pessoas, criando, capturando e partilhando informa\u00e7\u00e3o de produto, por forma a fomentar a creatividate e produtividade da sua empresa. Atrav\u00e9s de um portf\u00f3lio integrado de solu\u00e7\u00f5es constru\u00eddas com base na funda\u00e7\u00e3o OpenPLM, e com provas dadas no mercado, \u00e9 o sistema de elei\u00e7\u00e3o em solu\u00e7\u00f5es PLM.\u00a0Solu\u00e7\u00f5es modulares<\/p>\n<p><a href=\"https:\/\/plmacademy.estg.ipleiria.pt\/?page_id=91\">Read More\u2026<\/a><\/p>\n","protected":false},"author":76,"featured_media":0,"parent":25,"menu_order":4,"comment_status":"open","ping_status":"open","template":"","meta":{"footnotes":""},"class_list":["post-91","page","type-page","status-publish","hentry"],"_links":{"self":[{"href":"https:\/\/plmacademy.estg.ipleiria.pt\/index.php?rest_route=\/wp\/v2\/pages\/91","targetHints":{"allow":["GET"]}}],"collection":[{"href":"https:\/\/plmacademy.estg.ipleiria.pt\/index.php?rest_route=\/wp\/v2\/pages"}],"about":[{"href":"https:\/\/plmacademy.estg.ipleiria.pt\/index.php?rest_route=\/wp\/v2\/types\/page"}],"author":[{"embeddable":true,"href":"https:\/\/plmacademy.estg.ipleiria.pt\/index.php?rest_route=\/wp\/v2\/users\/76"}],"replies":[{"embeddable":true,"href":"https:\/\/plmacademy.estg.ipleiria.pt\/index.php?rest_route=%2Fwp%2Fv2%2Fcomments&post=91"}],"version-history":[{"count":9,"href":"https:\/\/plmacademy.estg.ipleiria.pt\/index.php?rest_route=\/wp\/v2\/pages\/91\/revisions"}],"predecessor-version":[{"id":112,"href":"https:\/\/plmacademy.estg.ipleiria.pt\/index.php?rest_route=\/wp\/v2\/pages\/91\/revisions\/112"}],"up":[{"embeddable":true,"href":"https:\/\/plmacademy.estg.ipleiria.pt\/index.php?rest_route=\/wp\/v2\/pages\/25"}],"wp:attachment":[{"href":"https:\/\/plmacademy.estg.ipleiria.pt\/index.php?rest_route=%2Fwp%2Fv2%2Fmedia&parent=91"}],"curies":[{"name":"wp","href":"https:\/\/api.w.org\/{rel}","templated":true}]}}